{"id":38,"date":"2018-11-13T12:32:35","date_gmt":"2018-11-13T11:32:35","guid":{"rendered":"http:\/\/vitrysynergic.fr\/?page_id=38"},"modified":"2018-11-13T12:42:37","modified_gmt":"2018-11-13T11:42:37","slug":"elementor-38","status":"publish","type":"page","link":"https:\/\/vitrysynergic.fr\/?page_id=38","title":{"rendered":"Trois domaines d&rsquo;activit\u00e9"},"content":{"rendered":"<h6>L&rsquo;association regroupe trois domaines d&rsquo;activit\u00e9s: Environnement &#8211; B\u00e2timent &#8211; Peinture &amp; D\u00e9coration<\/h6>\n<h2>Environnement<\/h2>\n<p>Travaux forestiers ; D\u00e9broussaillage, Elagage ; Am\u00e9nagement de zone d&rsquo;accueil du public ;\u00a0Cr\u00e9ation d&rsquo;espaces paysagers ; Entretien de berges de \u00a0\u00a0rivi\u00e8res ; R\u00e9alisation d&rsquo;ouvrages de\u00a0g\u00e9nie v\u00e9g\u00e9tal ; Am\u00e9nagement et cr\u00e9ation de zones \u00e9cologiques et biologiques&#8230;<\/p>\n<div class=\"embed-vimeo\" style=\"text-align: center;\"><iframe loading=\"lazy\" src=\"https:\/\/player.vimeo.com\/video\/192509526\" width=\"1170\" height=\"658\" frameborder=\"0\" webkitallowfullscreen mozallowfullscreen allowfullscreen><\/iframe><\/div>\n<h2>B\u00e2timent<\/h2>\n<p>Terrassement ; Pavage ; Ma\u00e7onnerie ; Charpente ; Enduit ;\u00a0Cr\u00e9pis ; Pose de placopl\u00e2tre, Menuiserie ; Rev\u00eatement de sol; Carrelage\u00a0; Fa\u00efence ; \u00a0Peinture int\u00e9rieur\/ext\u00e9rieur&#8230;<\/p>\n<div class=\"embed-vimeo\" style=\"text-align: center;\"><iframe loading=\"lazy\" src=\"https:\/\/player.vimeo.com\/video\/191872265\" width=\"1170\" height=\"658\" frameborder=\"0\" webkitallowfullscreen mozallowfullscreen allowfullscreen><\/iframe><\/div>\n<h2>Peinture &amp; D\u00e9coration<\/h2>\n<p>Travaux de peinture int\u00e9rieur\/ext\u00e9rieur, d\u00e9coration, sols<strong>\u00a0<\/strong><\/p>\n<div class=\"embed-vimeo\" style=\"text-align: center;\"><iframe loading=\"lazy\" src=\"https:\/\/player.vimeo.com\/video\/191448823\" width=\"1170\" height=\"658\" frameborder=\"0\" webkitallowfullscreen mozallowfullscreen allowfullscreen><\/iframe><\/div>\n<div class=\"sharedaddy sd-sharing-enabled\"><div class=\"robots-nocontent sd-block sd-social sd-social-icon-text sd-sharing\"><h3 class=\"sd-title\">Partager\u00a0:<\/h3><div class=\"sd-content\"><ul><li class=\"share-facebook\"><a rel=\"nofollow noopener noreferrer\" data-shared=\"sharing-facebook-38\" class=\"share-facebook sd-button share-icon\" href=\"https:\/\/vitrysynergic.fr\/?page_id=38&amp;share=facebook\" target=\"_blank\" title=\"Cliquez pour partager sur Facebook\"><span>Facebook<\/span><\/a><\/li><li class=\"share-end\"><\/li><\/ul><\/div><\/div><\/div>","protected":false},"excerpt":{"rendered":"<p>L&rsquo;association regroupe trois domaines d&rsquo;activit\u00e9s: Environnement &#8211; B\u00e2timent &#8211; Peinture &amp; D\u00e9coration Environnement Travaux forestiers ; D\u00e9broussaillage, Elagage ; Am\u00e9nagement de zone d&rsquo;accueil du public ;\u00a0Cr\u00e9ation d&rsquo;espaces paysagers ; Entretien de berges de \u00a0\u00a0rivi\u00e8res ; R\u00e9alisation d&rsquo;ouvrages de\u00a0g\u00e9nie v\u00e9g\u00e9tal ; Am\u00e9nagement et cr\u00e9ation de zones \u00e9cologiques et biologiques&#8230; B\u00e2timent Terrassement ; Pavage ; Ma\u00e7onnerie ; [&hellip;]<\/p>\n<div class=\"sharedaddy sd-sharing-enabled\"><div class=\"robots-nocontent sd-block sd-social sd-social-icon-text sd-sharing\"><h3 class=\"sd-title\">Partager\u00a0:<\/h3><div class=\"sd-content\"><ul><li class=\"share-facebook\"><a rel=\"nofollow noopener noreferrer\" data-shared=\"sharing-facebook-38\" class=\"share-facebook sd-button share-icon\" href=\"https:\/\/vitrysynergic.fr\/?page_id=38&amp;share=facebook\" target=\"_blank\" title=\"Cliquez pour partager sur Facebook\"><span>Facebook<\/span><\/a><\/li><li class=\"share-end\"><\/li><\/ul><\/div><\/div><\/div>","protected":false},"author":1,"featured_media":0,"parent":0,"menu_order":0,"comment_status":"closed","ping_status":"closed","template":"","meta":{"spay_email":"","footnotes":""},"class_list":["post-38","page","type-page","status-publish","hentry"],"jetpack_sharing_enabled":true,"jetpack_shortlink":"https:\/\/wp.me\/ParFhy-C","_links":{"self":[{"href":"https:\/\/vitrysynergic.fr\/index.php?rest_route=\/wp\/v2\/pages\/38","targetHints":{"allow":["GET"]}}],"collection":[{"href":"https:\/\/vitrysynergic.fr\/index.php?rest_route=\/wp\/v2\/pages"}],"about":[{"href":"https:\/\/vitrysynergic.fr\/index.php?rest_route=\/wp\/v2\/types\/page"}],"author":[{"embeddable":true,"href":"https:\/\/vitrysynergic.fr\/index.php?rest_route=\/wp\/v2\/users\/1"}],"replies":[{"embeddable":true,"href":"https:\/\/vitrysynergic.fr\/index.php?rest_route=%2Fwp%2Fv2%2Fcomments&post=38"}],"version-history":[{"count":3,"href":"https:\/\/vitrysynergic.fr\/index.php?rest_route=\/wp\/v2\/pages\/38\/revisions"}],"predecessor-version":[{"id":41,"href":"https:\/\/vitrysynergic.fr\/index.php?rest_route=\/wp\/v2\/pages\/38\/revisions\/41"}],"wp:attachment":[{"href":"https:\/\/vitrysynergic.fr\/index.php?rest_route=%2Fwp%2Fv2%2Fmedia&parent=38"}],"curies":[{"name":"wp","href":"https:\/\/api.w.org\/{rel}","templated":true}]}}